{"id":132,"date":"2022-03-19T12:49:09","date_gmt":"2022-03-19T11:49:09","guid":{"rendered":"http:\/\/orientalische-christen.de\/?page_id=132"},"modified":"2022-06-27T10:04:03","modified_gmt":"2022-06-27T08:04:03","slug":"uber-seidenstrasse-projekt","status":"publish","type":"page","link":"https:\/\/orientalische-christen.de\/?page_id=132","title":{"rendered":"Seidenstrasse Projekt"},"content":{"rendered":"\n<p><\/p>\n\n\n\n<p>Die Seidenstra\u00dfe als Reise- und Handelsroute f\u00f6rdert seit langer Zeit die Verbindung der fern\u00f6stlichen Zivilisationen mit denen des Westens.Vor allem der Handel trug dazu bei, dass Menschen andere Kulturen, Br\u00e4uchen und Traditionen kennenlernten.Wir m\u00f6chten mit unserem Projekt in Marburg die Ann\u00e4herung zwischen Angeh\u00f6rigen unterschiedlicher Gesellschaften fortsetzen. Dies betrifft den sozialen und kulturellen Austausch als Grundlage f\u00fcr unser gemeinsames Leben. Wir w\u00fcnschen uns einen Dialog, der die Akzeptanz anderer und die Toleranz untereinander f\u00f6rdert.<\/p>\n\n\n\n<p><\/p>\n\n\n\n<p>&#8222;&#8220;\u0644\u0637\u0627\u0644\u0645\u0627 \u0634\u062c\u0639 \u0637\u0631\u064a\u0642 \u0627\u0644\u062d\u0631\u064a\u0631 \u0643\u0637\u0631\u064a\u0642 \u0644\u0644\u0633\u0641\u0631 \u0648\u0627\u0644\u062a\u062c\u0627\u0631\u0629 \u0639\u0644\u0649 \u0631\u0628\u0637 \u062d\u0636\u0627\u0631\u0627\u062a \u0627\u0644\u0634\u0631\u0642 \u0627\u0644\u0623\u0642\u0635\u0649 \u0645\u0639 \u062a\u0644\u0643 \u0627\u0644\u0645\u0648\u062c\u0648\u062f\u0629 \u0641\u064a \u0627\u0644\u063a\u0631\u0628.\u0633\u0627\u0639\u062f\u062a \u0627\u0644\u062a\u062c\u0627\u0631\u0629 \u0628\u0634\u0643\u0644 \u062e\u0627\u0635 \u0627\u0644\u0646\u0627\u0633 \u0639\u0644\u0649 \u0627\u0644\u062a\u0639\u0631\u0641 \u0639\u0644\u0649 \u0627\u0644\u062b\u0642\u0627\u0641\u0627\u062a \u0648\u0627\u0644\u0639\u0627\u062f\u0627\u062a \u0648\u0627\u0644\u062a\u0642\u0627\u0644\u064a\u062f \u0627\u0644\u0623\u062e\u0631\u0649.\u0645\u0639 \u0645\u0634\u0631\u0648\u0639\u0646\u0627 \u0641\u064a \u0645\u062f\u064a\u0646\u0629 \u0645\u0627\u0631\u0628\u0648\u0631\u063a \u0646\u0648\u062f \u0623\u0646 \u0646\u0648\u0627\u0635\u0644 \u0627\u0644\u062a\u0642\u0627\u0631\u0628 \u0628\u064a\u0646 \u0623\u0639\u0636\u0627\u0621 \u0627\u0644\u0645\u062c\u062a\u0645\u0639\u0627\u062a \u0627\u0644\u0645\u062e\u062a\u0644\u0641\u0629. \u064a\u062a\u0639\u0644\u0642 \u0647\u0630\u0627 \u0628\u0627\u0644\u062a\u0628\u0627\u062f\u0644 \u0627\u0644\u0627\u062c\u062a\u0645\u0627\u0639\u064a \u0648\u0627\u0644\u062b\u0642\u0627\u0641\u064a \u0643\u0623\u0633\u0627\u0633 \u0644\u062d\u064a\u0627\u062a\u0646\u0627 \u0627\u0644\u0645\u0634\u062a\u0631\u0643\u0629. \u0646\u0631\u064a\u062f \u062d\u0648\u0627\u0631\u0627 \u064a\u0639\u0632\u0632 \u0627\u0644\u0642\u0628\u0648\u0644 \u0648\u0627\u0644\u062a\u0633\u0627\u0645\u062d \u0641\u064a\u0645\u0627 \u0628\u064a\u0646\u0646\u0627 &#8222;.<\/p>\n\n\n\n<p><\/p>\n\n\n\n<p>Projektaktivit\u00e4ten:Die Begegnung und der Austausch in unserem Projekt werden auf unterschiedlichen Ebenen stattfinden:\u2022 Menschen verschiedener Communitys tauschen ihre pers\u00f6nlichen Erfahrungen in kleinen Runden aus. Sie stellen ihre St\u00e4dte, Regionen und\/oder L\u00e4nder vor und geben so Input zur Diskussion \u00fcber gesellschaftliche, politische, kulturelle Zusammenh\u00e4nge.\u2022 Vortr\u00e4ge geben Einblick in die Vielfalt der Politik, Geschichte, Medizin, Literatur etc. entlang der Seidenstra\u00dfe.\u2022 Kulturelle Veranstaltungen, wie zum Beispiel Workshops zu Kalligraphie, Tanz, Musik, gemeinsame Kochevents oder Lesungen bringen die Menschen in Kontakt.\u2022 Eine Abschlussveranstaltung im Fr\u00fchjahr 2022 f\u00fchrt alle Akteure zusammen. Im Jahr der 800 Jahrfeier Marburgs k\u00f6nnen sich alle Beteiligen des Projektes bei einem Markt der M\u00f6glichkeiten einem breiten Publikum und als Teil der Stadtgesellschaft vorstellen.<\/p>\n\n\n\n<p>\u0623\u0646\u0634\u0637\u0629 \u0627\u0644\u0645\u0634\u0631\u0648\u0639:\u0633\u064a\u062a\u0645 \u0627\u0644\u0644\u0642\u0627\u0621 \u0648\u0627\u0644\u062a\u0628\u0627\u062f\u0644 \u0641\u064a \u0645\u0634\u0631\u0648\u0639\u0646\u0627 \u0639\u0644\u0649 \u0645\u0633\u062a\u0648\u064a\u0627\u062a \u0645\u062e\u062a\u0644\u0641\u0629:\u2022 \u064a\u062a\u0628\u0627\u062f\u0644 \u0627\u0644\u0646\u0627\u0633 \u0645\u0646 \u0645\u062e\u062a\u0644\u0641 \u0627\u0644\u0645\u062c\u062a\u0645\u0639\u0627\u062a \u062a\u062c\u0627\u0631\u0628\u0647\u0645 \u0627\u0644\u0634\u062e\u0635\u064a\u0629 \u0641\u064a<\/p>\n\n\n\n<p> \u0645\u062c\u0645\u0648\u0639\u0627\u062a \u0635\u063a\u064a\u0631\u0629. \u062d\u064a\u062b \u064a\u0642\u062f\u0645\u0648\u0646 \u0645\u062f\u0646\u0647\u0645 \u0648 \/ \u0623\u0648 \u0645\u0646\u0627\u0637\u0642\u0647\u0645 \u0648 \/ \u0623\u0648 \u0628\u0644\u062f\u0627\u0646\u0647\u0645 \u0648\u0628\u0627\u0644\u062a\u0627\u0644\u064a \u064a\u0643\u0648\u0646 \u0647\u0646\u0627\u0643 \u0645\u062f\u0627\u062e\u0644\u0627\u062a \u0644\u0644\u0645\u0646\u0627\u0642\u0634\u0629 \u062d\u0648\u0644 \u0627\u0644\u0631\u0648\u0627\u0628\u0637 \u0627\u0644\u0627\u062c\u062a\u0645\u0627\u0639\u064a\u0629 \u0648\u0627\u0644\u0633\u064a\u0627\u0633\u064a\u0629 \u0648\u0627\u0644\u062b\u0642\u0627\u0641\u064a\u0629.\u2022 \u062a\u0639\u0637\u064a \u0627\u0644\u0645\u062d\u0627\u0636\u0631\u0627\u062a \u0646\u0638\u0631\u0629 \u062b\u0627\u0642\u0628\u0629 \u0644\u062a\u0646\u0648\u0639 \u0627\u0644\u0633\u064a\u0627\u0633\u0629 \u0648\u0627\u0644\u062a\u0627\u0631\u064a\u062e \u0648\u0627\u0644\u0637\u0628 \u0648\u0627\u0644\u0623\u062f\u0628 \u0648\u0645\u0627 \u0625\u0644\u0649 \u0630\u0644\u0643 \u0639\u0644\u0649 \u0637\u0648\u0644 \u0637\u0631\u064a\u0642 \u0627\u0644\u062d\u0631\u064a\u0631.\u2022 \u0627\u0644\u0623\u062d\u062f\u0627\u062b \u0627\u0644\u062b\u0642\u0627\u0641\u064a\u0629: \u0645\u062b\u0644 \u0648\u0631\u0634 \u0627\u0644\u0639\u0645\u0644 \u062d\u0648\u0644 \u0641\u0646 \u0627\u0644\u062a\u062e\u0637\u064a\u0637\u060c \u0627\u0644\u0631\u0642\u0635\u060c \u0627\u0644\u0645\u0648\u0633\u064a\u0642\u0649 \u0648\u0641\u0646\u0648\u0646 \u0627\u0644\u0637\u0647\u064a \u0627\u0644\u0645\u0634\u062a\u0631\u0643\u0629 \u0623\u0648 \u0627\u0644\u0642\u0631\u0627\u0621\u0627\u062a \u0645\u0645\u0627 \u064a\u062c\u0639\u0644 \u0627\u0644\u0646\u0627\u0633 \u0639\u0644\u0649 \u0627\u062a\u0635\u0627\u0644.\u2022 \u062d\u062f\u062b \u0646\u0647\u0627\u0626\u064a \u0641\u064a \u0631\u0628\u064a\u0639 2022 \u064a\u062c\u0645\u0639 \u0643\u0644 \u0627\u0644\u0645\u0634\u062a\u0631\u0643\u064a\u0646 \u062d\u064a\u062b \u0641\u064a \u0647\u0630\u0627 \u0627\u0644\u0639\u0627\u0645 \u064a\u0635\u0627\u062f\u0641 \u0627\u0644\u0630\u0643\u0631\u0649 \u0627\u0644\u0633\u0646\u0648\u064a\u0629 \u0627\u0644\u0640 800 \u0644\u0645\u062f\u064a\u0646\u0629 \u0645\u0627\u0631\u0628\u0648\u0631\u063a \u060c \u0645\u0646 \u062e\u0644\u0627\u0644 \u0647\u0630\u0627 \u0627\u0644\u062d\u062f\u062b \u064a\u0645\u0643\u0646 \u0644\u062c\u0645\u064a\u0639 \u0627\u0644\u0645\u0634\u0627\u0631\u0643\u064a\u0646 \u0641\u064a \u0627\u0644\u0645\u0634\u0631\u0648\u0639 \u0627\u0644\u062a\u0639\u0631\u064a\u0641 \u0639\u0646 \u0623\u0646\u0641\u0633\u0647\u0645 \u0623\u0645\u0627\u0645 \u062c\u0645\u0647\u0648\u0631 \u0648\u0627\u0633\u0639 \u0648\u0643\u062c\u0632\u0621 \u0645\u0646 \u0645\u062c\u062a\u0645\u0639 \u0627\u0644\u0645\u062f\u064a\u0646\u0629.<\/p>\n\n\n\n<div class=\"wp-block-jetpack-tiled-gallery aligncenter is-style-rectangular\"><div class=\"tiled-gallery__gallery\"><div class=\"tiled-gallery__row\"><div class=\"tiled-gallery__col\" style=\"flex-basis:24.92150%\"><figure class=\"tiled-gallery__item\"><img decoding=\"async\" alt=\"\" data-height=\"2048\" data-id=\"444\" data-link=\"https:\/\/orientalische-christen.de\/?attachment_id=444\" data-url=\"http:\/\/orientalische-christen.de\/wp-content\/uploads\/2022\/06\/image-15-724x1024.png\" data-width=\"1447\" src=\"https:\/\/i1.wp.com\/orientalische-christen.de\/wp-content\/uploads\/2022\/06\/image-15-724x1024.png\" data-amp-layout=\"responsive\"\/><\/figure><\/div><div class=\"tiled-gallery__col\" style=\"flex-basis:24.69144%\"><figure class=\"tiled-gallery__item\"><img decoding=\"async\" alt=\"\" data-height=\"960\" data-id=\"441\" data-link=\"https:\/\/orientalische-christen.de\/?attachment_id=441\" data-url=\"http:\/\/orientalische-christen.de\/wp-content\/uploads\/2022\/06\/image-14.png\" data-width=\"672\" src=\"https:\/\/i0.wp.com\/orientalische-christen.de\/wp-content\/uploads\/2022\/06\/image-14.png\" data-amp-layout=\"responsive\"\/><\/figure><\/div><div class=\"tiled-gallery__col\" style=\"flex-basis:25.06156%\"><figure class=\"tiled-gallery__item\"><img decoding=\"async\" alt=\"\" data-height=\"1520\" data-id=\"438\" data-link=\"https:\/\/orientalische-christen.de\/?attachment_id=438\" data-url=\"http:\/\/orientalische-christen.de\/wp-content\/uploads\/2022\/06\/image-13-728x1024.png\" data-width=\"1080\" src=\"https:\/\/i2.wp.com\/orientalische-christen.de\/wp-content\/uploads\/2022\/06\/image-13-728x1024.png\" data-amp-layout=\"responsive\"\/><\/figure><\/div><div class=\"tiled-gallery__col\" style=\"flex-basis:25.32549%\"><figure class=\"tiled-gallery__item\"><img decoding=\"async\" alt=\"\" data-height=\"610\" data-id=\"435\" data-link=\"https:\/\/orientalische-christen.de\/?attachment_id=435\" data-url=\"http:\/\/orientalische-christen.de\/wp-content\/uploads\/2022\/06\/16561615861.png\" data-width=\"438\" src=\"https:\/\/i2.wp.com\/orientalische-christen.de\/wp-content\/uploads\/2022\/06\/16561615861.png\" data-amp-layout=\"responsive\"\/><\/figure><\/div><\/div><div class=\"tiled-gallery__row\"><div class=\"tiled-gallery__col\" style=\"flex-basis:50.00000%\"><figure class=\"tiled-gallery__item\"><img decoding=\"async\" alt=\"\" data-height=\"1530\" data-id=\"428\" data-link=\"https:\/\/orientalische-christen.de\/?attachment_id=428\" data-url=\"http:\/\/orientalische-christen.de\/wp-content\/uploads\/2022\/06\/image-12-723x1024.png\" data-width=\"1080\" src=\"https:\/\/i2.wp.com\/orientalische-christen.de\/wp-content\/uploads\/2022\/06\/image-12-723x1024.png\" data-amp-layout=\"responsive\"\/><\/figure><\/div><div class=\"tiled-gallery__col\" style=\"flex-basis:50.00000%\"><figure class=\"tiled-gallery__item\"><img decoding=\"async\" alt=\"\" data-height=\"595\" data-id=\"135\" data-link=\"https:\/\/orientalische-christen.de\/?attachment_id=135\" data-url=\"http:\/\/orientalische-christen.de\/wp-content\/uploads\/2022\/03\/99439679_102148268192929_4260264110572175360_n.jpg\" data-width=\"420\" src=\"https:\/\/i0.wp.com\/orientalische-christen.de\/wp-content\/uploads\/2022\/03\/99439679_102148268192929_4260264110572175360_n.jpg\" data-amp-layout=\"responsive\"\/><\/figure><\/div><\/div><div class=\"tiled-gallery__row\"><div class=\"tiled-gallery__col\" style=\"flex-basis:52.61364%\"><figure class=\"tiled-gallery__item\"><img decoding=\"async\" alt=\"\" data-height=\"595\" data-id=\"137\" data-link=\"https:\/\/orientalische-christen.de\/?attachment_id=137\" data-url=\"http:\/\/orientalische-christen.de\/wp-content\/uploads\/2022\/03\/100086712_102148414859581_812262217859727360_n.jpg\" data-width=\"839\" src=\"https:\/\/i2.wp.com\/orientalische-christen.de\/wp-content\/uploads\/2022\/03\/100086712_102148414859581_812262217859727360_n.jpg\" data-amp-layout=\"responsive\"\/><\/figure><\/div><div class=\"tiled-gallery__col\" style=\"flex-basis:26.33879%\"><figure class=\"tiled-gallery__item\"><img decoding=\"async\" alt=\"\" data-height=\"1530\" data-id=\"249\" data-link=\"https:\/\/orientalische-christen.de\/?attachment_id=249\" data-url=\"http:\/\/orientalische-christen.de\/wp-content\/uploads\/2022\/03\/275058815_492173982523687_6697097814467207653_n-721x1024.jpg\" data-width=\"1078\" src=\"https:\/\/i0.wp.com\/orientalische-christen.de\/wp-content\/uploads\/2022\/03\/275058815_492173982523687_6697097814467207653_n-721x1024.jpg\" data-amp-layout=\"responsive\"\/><\/figure><\/div><div class=\"tiled-gallery__col\" style=\"flex-basis:21.04757%\"><figure class=\"tiled-gallery__item\"><img decoding=\"async\" alt=\"\" data-height=\"960\" data-id=\"448\" data-link=\"https:\/\/orientalische-christen.de\/?attachment_id=448\" data-url=\"http:\/\/orientalische-christen.de\/wp-content\/uploads\/2022\/06\/image-17.png\" data-width=\"540\" src=\"https:\/\/i0.wp.com\/orientalische-christen.de\/wp-content\/uploads\/2022\/06\/image-17.png\" data-amp-layout=\"responsive\"\/><\/figure><\/div><\/div><\/div><\/div>\n\n\n\n<p><\/p>\n","protected":false},"excerpt":{"rendered":"<p>Die Seidenstra\u00dfe als Reise- und Handelsroute f\u00f6rdert seit langer Zeit die Verbindung der fern\u00f6stlichen Zivilisationen mit denen des Westens.Vor allem der Handel trug dazu bei, &hellip;<\/p>\n","protected":false},"author":1,"featured_media":0,"parent":93,"menu_order":0,"comment_status":"closed","ping_status":"closed","template":"","meta":{"footnotes":""},"class_list":["post-132","page","type-page","status-publish","hentry"],"_links":{"self":[{"href":"https:\/\/orientalische-christen.de\/index.php?rest_route=\/wp\/v2\/pages\/132","targetHints":{"allow":["GET"]}}],"collection":[{"href":"https:\/\/orientalische-christen.de\/index.php?rest_route=\/wp\/v2\/pages"}],"about":[{"href":"https:\/\/orientalische-christen.de\/index.php?rest_route=\/wp\/v2\/types\/page"}],"author":[{"embeddable":true,"href":"https:\/\/orientalische-christen.de\/index.php?rest_route=\/wp\/v2\/users\/1"}],"replies":[{"embeddable":true,"href":"https:\/\/orientalische-christen.de\/index.php?rest_route=%2Fwp%2Fv2%2Fcomments&post=132"}],"version-history":[{"count":5,"href":"https:\/\/orientalische-christen.de\/index.php?rest_route=\/wp\/v2\/pages\/132\/revisions"}],"predecessor-version":[{"id":493,"href":"https:\/\/orientalische-christen.de\/index.php?rest_route=\/wp\/v2\/pages\/132\/revisions\/493"}],"up":[{"embeddable":true,"href":"https:\/\/orientalische-christen.de\/index.php?rest_route=\/wp\/v2\/pages\/93"}],"wp:attachment":[{"href":"https:\/\/orientalische-christen.de\/index.php?rest_route=%2Fwp%2Fv2%2Fmedia&parent=132"}],"curies":[{"name":"wp","href":"https:\/\/api.w.org\/{rel}","templated":true}]}}