{"id":206,"date":"2022-03-28T22:19:17","date_gmt":"2022-03-28T20:19:17","guid":{"rendered":"http:\/\/orientalische-christen.de\/?page_id=206"},"modified":"2023-03-12T17:38:11","modified_gmt":"2023-03-12T16:38:11","slug":"gottesdienste","status":"publish","type":"page","link":"https:\/\/orientalische-christen.de\/?page_id=206","title":{"rendered":"Gottesdienste"},"content":{"rendered":"\n<h1 class=\"wp-block-heading\">GOTTESDIENSTE<\/h1>\n\n\n\n<figure class=\"wp-block-image size-large\"><img loading=\"lazy\" decoding=\"async\" width=\"1024\" height=\"683\" src=\"http:\/\/orientalische-christen.de\/wp-content\/uploads\/2022\/05\/corona-ge468e3bfd_1920-1024x683.jpg\" alt=\"\" class=\"wp-image-321\" title=\"\" srcset=\"https:\/\/orientalische-christen.de\/wp-content\/uploads\/2022\/05\/corona-ge468e3bfd_1920-1024x683.jpg 1024w, https:\/\/orientalische-christen.de\/wp-content\/uploads\/2022\/05\/corona-ge468e3bfd_1920-300x200.jpg 300w, https:\/\/orientalische-christen.de\/wp-content\/uploads\/2022\/05\/corona-ge468e3bfd_1920-768x512.jpg 768w, https:\/\/orientalische-christen.de\/wp-content\/uploads\/2022\/05\/corona-ge468e3bfd_1920-1536x1024.jpg 1536w, https:\/\/orientalische-christen.de\/wp-content\/uploads\/2022\/05\/corona-ge468e3bfd_1920-359x239.jpg 359w, https:\/\/orientalische-christen.de\/wp-content\/uploads\/2022\/05\/corona-ge468e3bfd_1920-174x116.jpg 174w, https:\/\/orientalische-christen.de\/wp-content\/uploads\/2022\/05\/corona-ge468e3bfd_1920.jpg 1920w\" sizes=\"auto, (max-width: 1024px) 100vw, 1024px\" \/><\/figure>\n\n\n\n<h2 class=\"wp-block-heading\">Neue Corona-Anweisungen des Marburg vom 02. April 2022<\/h2>\n\n\n\n<figure class=\"wp-block-image\"><img decoding=\"async\" src=\"https:\/\/www.peterundpaul-marburg.de\/bistum_fulda-wGlobal\/wGlobal\/layout\/images\/trans.gif\" alt=\"\" title=\"\"\/><\/figure>\n\n\n\n<p>Liebe Gottesdienstbesucher,<\/p>\n\n\n\n<p>seit Anfang April sind die gesetzlichen Covid-Schutzma\u00dfnahmen weitgehend aufgehoben und die Verantwortung f\u00fcr die Pr\u00e4vention in unsere eigenen H\u00e4nde gelegt worden. Die Pandemie ist jedoch noch nicht vorbei, wie die weiterhin hohen Infektionszahlen zeigen. Zu Ihrem eigenen Schutz und dem der anderen Gottesdienstbesucher gilt daher weiterhin die&nbsp;<strong>Pflicht zum Tragen eines medizinischen Mund-Nasen-Schutzes w\u00e4hrend des gesamten Gottesdienstes<\/strong>&nbsp;sowie die Einhaltung eines Mindestabstands von 1.5 m beim Betreten und Verlassen der Kirche, in den Kirchenb\u00e4nken und beim Kommuniongang. Bitte benutzen Sie weiterhin nur die markierten Sitzpl\u00e4tze.<\/p>\n\n\n\n<p>Die Impfung sch\u00fctzt Sie selbst und ihre Mitmenschen. Eine Zugangskontrolle werden wir jedoch nicht mehr durchf\u00fchren.<\/p>\n\n\n\n<p>Wir bitten Sie um Verst\u00e4ndnis f\u00fcr diese Regelungen, die uns einen sorgenfreien Besuch der Gottesdienste erm\u00f6glichen sollen.<\/p>\n\n\n\n<h2 class=\"wp-block-heading\"><strong>N\u00e4chster Gottesdiens<\/strong><\/h2>\n\n\n<div class=\"wp-block-image\">\n<figure class=\"aligncenter size-large is-resized\"><img loading=\"lazy\" decoding=\"async\" src=\"http:\/\/orientalische-christen.de\/wp-content\/uploads\/2022\/05\/worship-g1a7802127_1920-1024x683.jpg\" alt=\"\" class=\"wp-image-317\" width=\"658\" height=\"438\" srcset=\"https:\/\/orientalische-christen.de\/wp-content\/uploads\/2022\/05\/worship-g1a7802127_1920-1024x683.jpg 1024w, https:\/\/orientalische-christen.de\/wp-content\/uploads\/2022\/05\/worship-g1a7802127_1920-300x200.jpg 300w, https:\/\/orientalische-christen.de\/wp-content\/uploads\/2022\/05\/worship-g1a7802127_1920-768x512.jpg 768w, https:\/\/orientalische-christen.de\/wp-content\/uploads\/2022\/05\/worship-g1a7802127_1920-1536x1024.jpg 1536w, https:\/\/orientalische-christen.de\/wp-content\/uploads\/2022\/05\/worship-g1a7802127_1920-359x239.jpg 359w, https:\/\/orientalische-christen.de\/wp-content\/uploads\/2022\/05\/worship-g1a7802127_1920-174x116.jpg 174w, https:\/\/orientalische-christen.de\/wp-content\/uploads\/2022\/05\/worship-g1a7802127_1920.jpg 1920w\" sizes=\"auto, (max-width: 658px) 100vw, 658px\" \/><\/figure>\n<\/div>\n\n\n<div class=\"wp-block-columns alignwide are-vertically-aligned-center is-layout-flex wp-container-core-columns-is-layout-9d6595d7 wp-block-columns-is-layout-flex\">\n<div class=\"wp-block-column is-vertically-aligned-center is-layout-flow wp-block-column-is-layout-flow\">\n<p style=\"line-height:2\"><strong>Location:<\/strong><br><\/p>\n\n\n\n<p>Liebfrauenkirche \u200f<br>Gro\u00dfseelheimer str.10, Marburg 35039\u200e<\/p>\n<\/div>\n\n\n\n<div class=\"wp-block-column is-vertically-aligned-center is-layout-flow wp-block-column-is-layout-flow\">\n<p style=\"line-height:2\"><strong>Datum:<\/strong><br><\/p>\n\n\n\n<p>Jeden ersten Samstag im Monat<br>Uhrzeit 17 Uhr<\/p>\n<\/div>\n\n\n\n<div class=\"wp-block-column is-vertically-aligned-center is-layout-flow wp-block-column-is-layout-flow\">\n<div class=\"wp-block-buttons is-layout-flex wp-block-buttons-is-layout-flex\">\n<div class=\"wp-block-button has-custom-width wp-block-button__width-100\"><a class=\"wp-block-button__link has-text-color has-background\" href=\"mailto:ocm.st.michael@gmail.com\" style=\"background-color:#262626;color:#efefef\" target=\"_blank\" rel=\"noreferrer noopener\">Online-Terminvereinbarung<\/a><\/div>\n<\/div>\n<\/div>\n<\/div>\n\n\n\n<p><\/p>\n","protected":false},"excerpt":{"rendered":"<p>GOTTESDIENSTE Neue Corona-Anweisungen des Marburg vom 02. April 2022 Liebe Gottesdienstbesucher, seit Anfang April sind die gesetzlichen Covid-Schutzma\u00dfnahmen weitgehend aufgehoben und die Verantwortung f\u00fcr die &hellip;<\/p>\n","protected":false},"author":1,"featured_media":0,"parent":0,"menu_order":0,"comment_status":"closed","ping_status":"closed","template":"","meta":{"footnotes":""},"class_list":["post-206","page","type-page","status-publish","hentry"],"_links":{"self":[{"href":"https:\/\/orientalische-christen.de\/index.php?rest_route=\/wp\/v2\/pages\/206","targetHints":{"allow":["GET"]}}],"collection":[{"href":"https:\/\/orientalische-christen.de\/index.php?rest_route=\/wp\/v2\/pages"}],"about":[{"href":"https:\/\/orientalische-christen.de\/index.php?rest_route=\/wp\/v2\/types\/page"}],"author":[{"embeddable":true,"href":"https:\/\/orientalische-christen.de\/index.php?rest_route=\/wp\/v2\/users\/1"}],"replies":[{"embeddable":true,"href":"https:\/\/orientalische-christen.de\/index.php?rest_route=%2Fwp%2Fv2%2Fcomments&post=206"}],"version-history":[{"count":10,"href":"https:\/\/orientalische-christen.de\/index.php?rest_route=\/wp\/v2\/pages\/206\/revisions"}],"predecessor-version":[{"id":561,"href":"https:\/\/orientalische-christen.de\/index.php?rest_route=\/wp\/v2\/pages\/206\/revisions\/561"}],"wp:attachment":[{"href":"https:\/\/orientalische-christen.de\/index.php?rest_route=%2Fwp%2Fv2%2Fmedia&parent=206"}],"curies":[{"name":"wp","href":"https:\/\/api.w.org\/{rel}","templated":true}]}}