{"id":264,"date":"2022-04-11T12:14:29","date_gmt":"2022-04-11T10:14:29","guid":{"rendered":"http:\/\/orientalische-christen.de\/?page_id=264"},"modified":"2022-11-05T11:50:16","modified_gmt":"2022-11-05T10:50:16","slug":"mitgliedschaft","status":"publish","type":"page","link":"https:\/\/orientalische-christen.de\/?page_id=264","title":{"rendered":"Mitgliedschaft"},"content":{"rendered":"\n<figure class=\"wp-block-image size-large is-resized\"><img loading=\"lazy\" decoding=\"async\" src=\"http:\/\/orientalische-christen.de\/wp-content\/uploads\/2022\/04\/frage-1024x362.jpg\" alt=\"\" class=\"wp-image-288\" width=\"1136\" height=\"401\" srcset=\"https:\/\/orientalische-christen.de\/wp-content\/uploads\/2022\/04\/frage-1024x362.jpg 1024w, https:\/\/orientalische-christen.de\/wp-content\/uploads\/2022\/04\/frage-300x106.jpg 300w, https:\/\/orientalische-christen.de\/wp-content\/uploads\/2022\/04\/frage-768x271.jpg 768w, https:\/\/orientalische-christen.de\/wp-content\/uploads\/2022\/04\/frage-1536x542.jpg 1536w, https:\/\/orientalische-christen.de\/wp-content\/uploads\/2022\/04\/frage-359x127.jpg 359w, https:\/\/orientalische-christen.de\/wp-content\/uploads\/2022\/04\/frage-228x81.jpg 228w, https:\/\/orientalische-christen.de\/wp-content\/uploads\/2022\/04\/frage.jpg 1920w\" sizes=\"auto, (max-width: 1136px) 100vw, 1136px\" \/><\/figure>\n\n\n\n<p class=\"has-text-align-center has-accent-2-color has-text-color has-large-font-size\"><strong><strong>Jetzt Mitglied werden<\/strong><\/strong>!<\/p>\n\n\n\n<div class=\"wp-block-file alignright\"><a href=\"http:\/\/orientalische-christen.de\/wp-content\/uploads\/2022\/04\/Antragsmitglied-Kopie.docx\" class=\"wp-block-file__button\" download><strong>Antragsmitglied heruntergeladen<\/strong><\/a><\/div>\n\n\n\n<p class=\"has-text-align-center\"><strong>Einfach Mitgliedsantrag ausf\u00fcllen und abschicken. <\/strong><\/p>\n\n\n\n<p class=\"has-text-align-center\"><strong>Wir freuen uns auf Ihre Unterst\u00fctzung.<\/strong><\/p>\n\n\n\n<p><\/p>\n\n\n\n<h2 class=\"has-accent-2-color has-text-color wp-block-heading\"><strong>Mitgliedschaft im Orientalische Christen in Marburg St. Michael e.V. <\/strong><\/h2>\n\n\n\n<h2 class=\"has-accent-2-color has-text-color wp-block-heading\"><strong>Beitrittserkl\u00e4rung<\/strong><\/h2>\n\n\n\n<p><\/p>\n\n\n\n<p>Um unsere Aufgabe wahrzunehmen, sind wir auf die Unterst\u00fctzung m\u00f6glichst vieler Menschen angewiesen. Jeder Einzelne kann so einen kleinen Teil dazu beitragen, dass ein gro\u00dfes St\u00fcck Mitmenschlichkeit dort ankommt, wo es dringend gebraucht wird.<\/p>\n\n\n\n<p>Der monatliche Mindestbeitrag liegt bei:<\/p>\n\n\n\n<ul class=\"wp-block-list\"><li>5,00 Euro f\u00fcr Einzelpersonen, Sch\u00fcler, Studierende, Auszubildende und Freiwilligendienst-Leistende (FSJ, F\u00d6K, BDF)<\/li><\/ul>\n\n\n\n<p>Rund 50 Menschen haben sich bereits daf\u00fcr entschieden, mit ihrem Mitgliedsbeitrag zu unterst\u00fctzen.<br>Sind Sie dabei? Hier geht es\u00a0zum Antrag auf Mitgliedschaft. Hinweise zur K\u00fcndigung einer Mitgliedschaft in der\u00a0<a href=\"http:\/\/orientalische-christen.de\/wp-content\/uploads\/2022\/05\/OCM-Satzung.pdf\">Satzung<\/a>.<\/p>\n\n\n\n<h2 class=\"wp-block-heading\"><\/h2>\n","protected":false},"excerpt":{"rendered":"<p>Jetzt Mitglied werden! Einfach Mitgliedsantrag ausf\u00fcllen und abschicken. Wir freuen uns auf Ihre Unterst\u00fctzung. Mitgliedschaft im Orientalische Christen in Marburg St. Michael e.V. Beitrittserkl\u00e4rung Um &hellip;<\/p>\n","protected":false},"author":2,"featured_media":0,"parent":0,"menu_order":0,"comment_status":"closed","ping_status":"closed","template":"","meta":{"footnotes":""},"class_list":["post-264","page","type-page","status-publish","hentry"],"_links":{"self":[{"href":"https:\/\/orientalische-christen.de\/index.php?rest_route=\/wp\/v2\/pages\/264","targetHints":{"allow":["GET"]}}],"collection":[{"href":"https:\/\/orientalische-christen.de\/index.php?rest_route=\/wp\/v2\/pages"}],"about":[{"href":"https:\/\/orientalische-christen.de\/index.php?rest_route=\/wp\/v2\/types\/page"}],"author":[{"embeddable":true,"href":"https:\/\/orientalische-christen.de\/index.php?rest_route=\/wp\/v2\/users\/2"}],"replies":[{"embeddable":true,"href":"https:\/\/orientalische-christen.de\/index.php?rest_route=%2Fwp%2Fv2%2Fcomments&post=264"}],"version-history":[{"count":18,"href":"https:\/\/orientalische-christen.de\/index.php?rest_route=\/wp\/v2\/pages\/264\/revisions"}],"predecessor-version":[{"id":506,"href":"https:\/\/orientalische-christen.de\/index.php?rest_route=\/wp\/v2\/pages\/264\/revisions\/506"}],"wp:attachment":[{"href":"https:\/\/orientalische-christen.de\/index.php?rest_route=%2Fwp%2Fv2%2Fmedia&parent=264"}],"curies":[{"name":"wp","href":"https:\/\/api.w.org\/{rel}","templated":true}]}}